{"id":61,"date":"2024-07-22T11:31:50","date_gmt":"2024-07-22T09:31:50","guid":{"rendered":"https:\/\/grenfestival.com\/?page_id=61"},"modified":"2024-09-16T22:12:40","modified_gmt":"2024-09-16T20:12:40","slug":"benevolat","status":"publish","type":"page","link":"https:\/\/grenfestival.com\/index.php\/benevolat\/","title":{"rendered":"B\u00e9n\u00e9volat"},"content":{"rendered":"\n<p>Le GrEn Fest est un \u00e9v\u00e9nement associatif. Il est g\u00e9r\u00e9 uniquement par des b\u00e9n\u00e9voles. Toute l&rsquo;ann\u00e9e, le bureau organise l&rsquo;\u00e9v\u00e9nement, mais \u00e0 l&rsquo;approche du Festival, tous les coup de main sont les bienvenus : <\/p>\n\n\n\n<ul class=\"wp-block-list\">\n<li>Affichage<\/li>\n\n\n\n<li>Communication<\/li>\n\n\n\n<li>Logistique<\/li>\n\n\n\n<li>Presse<\/li>\n\n\n\n<li>Montage de sc\u00e8ne<\/li>\n\n\n\n<li>D\u00e9coration<\/li>\n\n\n\n<li>Bar<\/li>\n\n\n\n<li>Restauration<\/li>\n\n\n\n<li>&#8230;<\/li>\n<\/ul>\n\n\n\n<p>Si tu souhaites participer au GrEn Fest en tant que b\u00e9n\u00e9vole, contactes l&rsquo;organisation sur : grenfest@live.fr <\/p>\n\n\n\n<p>Barbecue des b\u00e9n\u00e9voles : Vendredi 20 septembre 2024, un barbecue est organis\u00e9 \u00e0 B\u00e9thencourt. Plus d&rsquo;infos par sms au 0685384086.<\/p>\n\n\n\n\n\n<figure class=\"wp-block-gallery has-nested-images columns-default is-cropped wp-block-gallery-1 is-layout-flex wp-block-gallery-is-layout-flex\">\n<figure class=\"wp-block-image size-large\"><img loading=\"lazy\" decoding=\"async\" width=\"206\" height=\"206\" data-id=\"88\" src=\"https:\/\/grenfestival.com\/wp-content\/uploads\/2024\/07\/seb.jpg\" alt=\"\" class=\"wp-image-88\" srcset=\"https:\/\/grenfestival.com\/wp-content\/uploads\/2024\/07\/seb.jpg 206w, https:\/\/grenfestival.com\/wp-content\/uploads\/2024\/07\/seb-150x150.jpg 150w, https:\/\/grenfestival.com\/wp-content\/uploads\/2024\/07\/seb-100x100.jpg 100w\" sizes=\"auto, (max-width: 206px) 100vw, 206px\" \/><\/figure>\n\n\n\n<figure class=\"wp-block-image size-large\"><img loading=\"lazy\" decoding=\"async\" width=\"206\" height=\"206\" data-id=\"93\" src=\"https:\/\/grenfestival.com\/wp-content\/uploads\/2024\/07\/aline-yaya.jpg\" alt=\"\" class=\"wp-image-93\" srcset=\"https:\/\/grenfestival.com\/wp-content\/uploads\/2024\/07\/aline-yaya.jpg 206w, https:\/\/grenfestival.com\/wp-content\/uploads\/2024\/07\/aline-yaya-150x150.jpg 150w, https:\/\/grenfestival.com\/wp-content\/uploads\/2024\/07\/aline-yaya-100x100.jpg 100w\" sizes=\"auto, (max-width: 206px) 100vw, 206px\" \/><\/figure>\n\n\n\n<figure class=\"wp-block-image size-large\"><img loading=\"lazy\" decoding=\"async\" width=\"206\" height=\"206\" data-id=\"94\" src=\"https:\/\/grenfestival.com\/wp-content\/uploads\/2024\/07\/pauline.jpg\" alt=\"\" class=\"wp-image-94\" srcset=\"https:\/\/grenfestival.com\/wp-content\/uploads\/2024\/07\/pauline.jpg 206w, https:\/\/grenfestival.com\/wp-content\/uploads\/2024\/07\/pauline-150x150.jpg 150w, https:\/\/grenfestival.com\/wp-content\/uploads\/2024\/07\/pauline-100x100.jpg 100w\" sizes=\"auto, (max-width: 206px) 100vw, 206px\" \/><\/figure>\n\n\n\n<figure class=\"wp-block-image size-large\"><img loading=\"lazy\" decoding=\"async\" width=\"206\" height=\"206\" data-id=\"92\" src=\"https:\/\/grenfestival.com\/wp-content\/uploads\/2024\/07\/elise-vans.jpg\" alt=\"\" class=\"wp-image-92\" srcset=\"https:\/\/grenfestival.com\/wp-content\/uploads\/2024\/07\/elise-vans.jpg 206w, https:\/\/grenfestival.com\/wp-content\/uploads\/2024\/07\/elise-vans-150x150.jpg 150w, https:\/\/grenfestival.com\/wp-content\/uploads\/2024\/07\/elise-vans-100x100.jpg 100w\" sizes=\"auto, (max-width: 206px) 100vw, 206px\" \/><\/figure>\n\n\n\n<figure class=\"wp-block-image size-large\"><img loading=\"lazy\" decoding=\"async\" width=\"540\" height=\"960\" data-id=\"95\" src=\"https:\/\/grenfestival.com\/wp-content\/uploads\/2024\/07\/clem.jpg\" alt=\"\" class=\"wp-image-95\" srcset=\"https:\/\/grenfestival.com\/wp-content\/uploads\/2024\/07\/clem.jpg 540w, https:\/\/grenfestival.com\/wp-content\/uploads\/2024\/07\/clem-169x300.jpg 169w\" sizes=\"auto, (max-width: 540px) 100vw, 540px\" \/><\/figure>\n\n\n\n<figure class=\"wp-block-image size-large\"><img loading=\"lazy\" decoding=\"async\" width=\"206\" height=\"206\" data-id=\"89\" src=\"https:\/\/grenfestival.com\/wp-content\/uploads\/2024\/07\/zorel-belu.jpg\" alt=\"\" class=\"wp-image-89\" srcset=\"https:\/\/grenfestival.com\/wp-content\/uploads\/2024\/07\/zorel-belu.jpg 206w, https:\/\/grenfestival.com\/wp-content\/uploads\/2024\/07\/zorel-belu-150x150.jpg 150w, https:\/\/grenfestival.com\/wp-content\/uploads\/2024\/07\/zorel-belu-100x100.jpg 100w\" sizes=\"auto, (max-width: 206px) 100vw, 206px\" \/><\/figure>\n\n\n\n<figure class=\"wp-block-image size-large\"><img loading=\"lazy\" decoding=\"async\" width=\"206\" height=\"206\" data-id=\"90\" src=\"https:\/\/grenfestival.com\/wp-content\/uploads\/2024\/07\/ludo.jpg\" alt=\"\" class=\"wp-image-90\" srcset=\"https:\/\/grenfestival.com\/wp-content\/uploads\/2024\/07\/ludo.jpg 206w, https:\/\/grenfestival.com\/wp-content\/uploads\/2024\/07\/ludo-150x150.jpg 150w, https:\/\/grenfestival.com\/wp-content\/uploads\/2024\/07\/ludo-100x100.jpg 100w\" sizes=\"auto, (max-width: 206px) 100vw, 206px\" \/><\/figure>\n\n\n\n<figure class=\"wp-block-image size-large\"><img loading=\"lazy\" decoding=\"async\" width=\"206\" height=\"206\" data-id=\"91\" src=\"https:\/\/grenfestival.com\/wp-content\/uploads\/2024\/07\/alexis.jpg\" alt=\"\" class=\"wp-image-91\" srcset=\"https:\/\/grenfestival.com\/wp-content\/uploads\/2024\/07\/alexis.jpg 206w, https:\/\/grenfestival.com\/wp-content\/uploads\/2024\/07\/alexis-150x150.jpg 150w, https:\/\/grenfestival.com\/wp-content\/uploads\/2024\/07\/alexis-100x100.jpg 100w\" sizes=\"auto, (max-width: 206px) 100vw, 206px\" \/><\/figure>\n\n\n\n<figure class=\"wp-block-image size-large\"><img loading=\"lazy\" decoding=\"async\" width=\"206\" height=\"206\" data-id=\"86\" src=\"https:\/\/grenfestival.com\/wp-content\/uploads\/2024\/07\/gazafon.jpg\" alt=\"\" class=\"wp-image-86\" srcset=\"https:\/\/grenfestival.com\/wp-content\/uploads\/2024\/07\/gazafon.jpg 206w, https:\/\/grenfestival.com\/wp-content\/uploads\/2024\/07\/gazafon-150x150.jpg 150w, https:\/\/grenfestival.com\/wp-content\/uploads\/2024\/07\/gazafon-100x100.jpg 100w\" sizes=\"auto, (max-width: 206px) 100vw, 206px\" \/><\/figure>\n\n\n\n<figure class=\"wp-block-image size-large\"><img loading=\"lazy\" decoding=\"async\" width=\"769\" height=\"1024\" data-id=\"31\" src=\"https:\/\/grenfestival.com\/wp-content\/uploads\/2024\/07\/IMG_0792-769x1024.jpg\" alt=\"\" class=\"wp-image-31\" srcset=\"https:\/\/grenfestival.com\/wp-content\/uploads\/2024\/07\/IMG_0792-769x1024.jpg 769w, https:\/\/grenfestival.com\/wp-content\/uploads\/2024\/07\/IMG_0792-225x300.jpg 225w, https:\/\/grenfestival.com\/wp-content\/uploads\/2024\/07\/IMG_0792-768x1022.jpg 768w, https:\/\/grenfestival.com\/wp-content\/uploads\/2024\/07\/IMG_0792-1154x1536.jpg 1154w, https:\/\/grenfestival.com\/wp-content\/uploads\/2024\/07\/IMG_0792-1539x2048.jpg 1539w, https:\/\/grenfestival.com\/wp-content\/uploads\/2024\/07\/IMG_0792-scaled.jpg 1924w\" sizes=\"auto, (max-width: 767px) 89vw, (max-width: 1000px) 54vw, (max-width: 1071px) 543px, 580px\" \/><\/figure>\n\n\n\n<figure class=\"wp-block-image size-large\"><img loading=\"lazy\" decoding=\"async\" width=\"769\" height=\"1024\" data-id=\"30\" src=\"https:\/\/grenfestival.com\/wp-content\/uploads\/2024\/07\/IMG_0778-769x1024.jpg\" alt=\"\" class=\"wp-image-30\" srcset=\"https:\/\/grenfestival.com\/wp-content\/uploads\/2024\/07\/IMG_0778-769x1024.jpg 769w, https:\/\/grenfestival.com\/wp-content\/uploads\/2024\/07\/IMG_0778-225x300.jpg 225w, https:\/\/grenfestival.com\/wp-content\/uploads\/2024\/07\/IMG_0778-768x1022.jpg 768w, https:\/\/grenfestival.com\/wp-content\/uploads\/2024\/07\/IMG_0778-1154x1536.jpg 1154w, https:\/\/grenfestival.com\/wp-content\/uploads\/2024\/07\/IMG_0778-1539x2048.jpg 1539w, https:\/\/grenfestival.com\/wp-content\/uploads\/2024\/07\/IMG_0778-scaled.jpg 1924w\" sizes=\"auto, (max-width: 767px) 89vw, (max-width: 1000px) 54vw, (max-width: 1071px) 543px, 580px\" \/><\/figure>\n\n\n\n<figure class=\"wp-block-image size-large\"><img loading=\"lazy\" decoding=\"async\" width=\"683\" height=\"1024\" data-id=\"25\" src=\"https:\/\/grenfestival.com\/wp-content\/uploads\/2024\/07\/IMG_1356-683x1024.jpg\" alt=\"\" class=\"wp-image-25\" srcset=\"https:\/\/grenfestival.com\/wp-content\/uploads\/2024\/07\/IMG_1356-683x1024.jpg 683w, https:\/\/grenfestival.com\/wp-content\/uploads\/2024\/07\/IMG_1356-200x300.jpg 200w, https:\/\/grenfestival.com\/wp-content\/uploads\/2024\/07\/IMG_1356-768x1152.jpg 768w, https:\/\/grenfestival.com\/wp-content\/uploads\/2024\/07\/IMG_1356-1024x1536.jpg 1024w, https:\/\/grenfestival.com\/wp-content\/uploads\/2024\/07\/IMG_1356-1365x2048.jpg 1365w, https:\/\/grenfestival.com\/wp-content\/uploads\/2024\/07\/IMG_1356-scaled.jpg 1707w\" sizes=\"auto, (max-width: 683px) 100vw, 683px\" \/><\/figure>\n<\/figure>\n\n\n\n<figure class=\"wp-block-gallery has-nested-images columns-default is-cropped wp-block-gallery-2 is-layout-flex wp-block-gallery-is-layout-flex\">\n<figure class=\"wp-block-image size-large\"><img loading=\"lazy\" decoding=\"async\" width=\"683\" height=\"1024\" data-id=\"25\" src=\"https:\/\/grenfestival.com\/wp-content\/uploads\/2024\/07\/IMG_1356-683x1024.jpg\" alt=\"\" class=\"wp-image-25\" srcset=\"https:\/\/grenfestival.com\/wp-content\/uploads\/2024\/07\/IMG_1356-683x1024.jpg 683w, https:\/\/grenfestival.com\/wp-content\/uploads\/2024\/07\/IMG_1356-200x300.jpg 200w, https:\/\/grenfestival.com\/wp-content\/uploads\/2024\/07\/IMG_1356-768x1152.jpg 768w, https:\/\/grenfestival.com\/wp-content\/uploads\/2024\/07\/IMG_1356-1024x1536.jpg 1024w, https:\/\/grenfestival.com\/wp-content\/uploads\/2024\/07\/IMG_1356-1365x2048.jpg 1365w, https:\/\/grenfestival.com\/wp-content\/uploads\/2024\/07\/IMG_1356-scaled.jpg 1707w\" sizes=\"auto, (max-width: 683px) 100vw, 683px\" \/><\/figure>\n\n\n\n<figure class=\"wp-block-image size-large\"><img loading=\"lazy\" decoding=\"async\" width=\"1024\" height=\"576\" data-id=\"38\" src=\"https:\/\/grenfestival.com\/wp-content\/uploads\/2024\/07\/20181021_151454-1024x576.jpg\" alt=\"\" class=\"wp-image-38\" srcset=\"https:\/\/grenfestival.com\/wp-content\/uploads\/2024\/07\/20181021_151454-1024x576.jpg 1024w, https:\/\/grenfestival.com\/wp-content\/uploads\/2024\/07\/20181021_151454-300x169.jpg 300w, https:\/\/grenfestival.com\/wp-content\/uploads\/2024\/07\/20181021_151454-768x432.jpg 768w, https:\/\/grenfestival.com\/wp-content\/uploads\/2024\/07\/20181021_151454-1536x864.jpg 1536w, https:\/\/grenfestival.com\/wp-content\/uploads\/2024\/07\/20181021_151454-2048x1152.jpg 2048w\" sizes=\"auto, (max-width: 767px) 89vw, (max-width: 1000px) 54vw, (max-width: 1071px) 543px, 580px\" \/><\/figure>\n\n\n\n<figure class=\"wp-block-image size-large\"><img loading=\"lazy\" decoding=\"async\" width=\"1024\" height=\"683\" data-id=\"43\" src=\"https:\/\/grenfestival.com\/wp-content\/uploads\/2024\/07\/Dirty-South-Crew_GrenFest-62-31-1024x683.jpg\" alt=\"\" class=\"wp-image-43\" srcset=\"https:\/\/grenfestival.com\/wp-content\/uploads\/2024\/07\/Dirty-South-Crew_GrenFest-62-31-1024x683.jpg 1024w, https:\/\/grenfestival.com\/wp-content\/uploads\/2024\/07\/Dirty-South-Crew_GrenFest-62-31-300x200.jpg 300w, https:\/\/grenfestival.com\/wp-content\/uploads\/2024\/07\/Dirty-South-Crew_GrenFest-62-31-768x512.jpg 768w, https:\/\/grenfestival.com\/wp-content\/uploads\/2024\/07\/Dirty-South-Crew_GrenFest-62-31-1536x1024.jpg 1536w, https:\/\/grenfestival.com\/wp-content\/uploads\/2024\/07\/Dirty-South-Crew_GrenFest-62-31-2048x1365.jpg 2048w\" sizes=\"auto, (max-width: 767px) 89vw, (max-width: 1000px) 54vw, (max-width: 1071px) 543px, 580px\" \/><\/figure>\n<\/figure>\n","protected":false},"excerpt":{"rendered":"<p>Le GrEn Fest est un \u00e9v\u00e9nement associatif. Il est g\u00e9r\u00e9 uniquement par des b\u00e9n\u00e9voles. Toute l&rsquo;ann\u00e9e, le bureau organise l&rsquo;\u00e9v\u00e9nement, mais \u00e0 l&rsquo;approche du Festival, tous les coup de main sont les bienvenus : Si tu souhaites participer au GrEn Fest en tant que b\u00e9n\u00e9vole, contactes l&rsquo;organisation sur : grenfest@live.fr Barbecue des b\u00e9n\u00e9voles : Vendredi &hellip; <\/p>\n<p class=\"link-more\"><a href=\"https:\/\/grenfestival.com\/index.php\/benevolat\/\" class=\"more-link\">Continuer la lecture<span class=\"screen-reader-text\"> de &laquo;&nbsp;B\u00e9n\u00e9volat&nbsp;&raquo;<\/span><\/a><\/p>\n","protected":false},"author":1,"featured_media":43,"parent":0,"menu_order":0,"comment_status":"closed","ping_status":"closed","template":"","meta":{"footnotes":""},"class_list":["post-61","page","type-page","status-publish","has-post-thumbnail","hentry"],"_links":{"self":[{"href":"https:\/\/grenfestival.com\/index.php\/wp-json\/wp\/v2\/pages\/61","targetHints":{"allow":["GET"]}}],"collection":[{"href":"https:\/\/grenfestival.com\/index.php\/wp-json\/wp\/v2\/pages"}],"about":[{"href":"https:\/\/grenfestival.com\/index.php\/wp-json\/wp\/v2\/types\/page"}],"author":[{"embeddable":true,"href":"https:\/\/grenfestival.com\/index.php\/wp-json\/wp\/v2\/users\/1"}],"replies":[{"embeddable":true,"href":"https:\/\/grenfestival.com\/index.php\/wp-json\/wp\/v2\/comments?post=61"}],"version-history":[{"count":5,"href":"https:\/\/grenfestival.com\/index.php\/wp-json\/wp\/v2\/pages\/61\/revisions"}],"predecessor-version":[{"id":374,"href":"https:\/\/grenfestival.com\/index.php\/wp-json\/wp\/v2\/pages\/61\/revisions\/374"}],"wp:featuredmedia":[{"embeddable":true,"href":"https:\/\/grenfestival.com\/index.php\/wp-json\/wp\/v2\/media\/43"}],"wp:attachment":[{"href":"https:\/\/grenfestival.com\/index.php\/wp-json\/wp\/v2\/media?parent=61"}],"curies":[{"name":"wp","href":"https:\/\/api.w.org\/{rel}","templated":true}]}}