{"id":266,"date":"2024-08-16T12:33:00","date_gmt":"2024-08-16T10:33:00","guid":{"rendered":"https:\/\/grenfestival.com\/?page_id=266"},"modified":"2024-09-09T22:19:43","modified_gmt":"2024-09-09T20:19:43","slug":"still-live","status":"publish","type":"page","link":"https:\/\/grenfestival.com\/index.php\/still-live\/","title":{"rendered":"Still live"},"content":{"rendered":"\n<p>Groupe de Popo Rock, compos\u00e9 de 4 musiciens et un chanteur. Fort d&rsquo;une longue exp\u00e9rience sc\u00e9nique, Still Live propose un r\u00e9pertoire nostalgique des ann\u00e9es 70 80. <\/p>\n\n\n\n<p><\/p>\n\n\n\n<iframe loading=\"lazy\" src=\"https:\/\/www.facebook.com\/plugins\/post.php?href=https%3A%2F%2Fwww.facebook.com%2FStillLiveBernard%2Fposts%2Fpfbid02VS9s7uis5duwpjXUfSqhhELAJAptFmTbaJuvuJRv8H6ks1azbrYRGRG3kBypcoPHl&#038;show_text=false&#038;width=500\" width=\"500\" height=\"282\" style=\"border:none;overflow:hidden\" scrolling=\"no\" frameborder=\"0\" allowfullscreen=\"true\" allow=\"autoplay; clipboard-write; encrypted-media; picture-in-picture; web-share\"><\/iframe>\n\n\n\n<p><strong>Still Live sera sur la sc\u00e8ne du GrEn Fest #15 le vendredi 18 octobre 2024 \u00e0 22h45<\/strong><\/p>\n\n\n\n<div class=\"wp-block-buttons is-layout-flex wp-block-buttons-is-layout-flex\">\n<div class=\"wp-block-button\"><a class=\"wp-block-button__link wp-element-button\" href=\"https:\/\/grenfestival.com\/index.php\/billetterie\/\">Billetterie : R\u00e9servez vos places<\/a><\/div>\n<\/div>\n\n\n\n<p><\/p>\n","protected":false},"excerpt":{"rendered":"<p>Groupe de Popo Rock, compos\u00e9 de 4 musiciens et un chanteur. Fort d&rsquo;une longue exp\u00e9rience sc\u00e9nique, Still Live propose un r\u00e9pertoire nostalgique des ann\u00e9es 70 80. Still Live sera sur la sc\u00e8ne du GrEn Fest #15 le vendredi 18 octobre 2024 \u00e0 22h45<\/p>\n","protected":false},"author":1,"featured_media":0,"parent":0,"menu_order":0,"comment_status":"closed","ping_status":"closed","template":"","meta":{"footnotes":""},"class_list":["post-266","page","type-page","status-publish","hentry"],"_links":{"self":[{"href":"https:\/\/grenfestival.com\/index.php\/wp-json\/wp\/v2\/pages\/266","targetHints":{"allow":["GET"]}}],"collection":[{"href":"https:\/\/grenfestival.com\/index.php\/wp-json\/wp\/v2\/pages"}],"about":[{"href":"https:\/\/grenfestival.com\/index.php\/wp-json\/wp\/v2\/types\/page"}],"author":[{"embeddable":true,"href":"https:\/\/grenfestival.com\/index.php\/wp-json\/wp\/v2\/users\/1"}],"replies":[{"embeddable":true,"href":"https:\/\/grenfestival.com\/index.php\/wp-json\/wp\/v2\/comments?post=266"}],"version-history":[{"count":3,"href":"https:\/\/grenfestival.com\/index.php\/wp-json\/wp\/v2\/pages\/266\/revisions"}],"predecessor-version":[{"id":270,"href":"https:\/\/grenfestival.com\/index.php\/wp-json\/wp\/v2\/pages\/266\/revisions\/270"}],"wp:attachment":[{"href":"https:\/\/grenfestival.com\/index.php\/wp-json\/wp\/v2\/media?parent=266"}],"curies":[{"name":"wp","href":"https:\/\/api.w.org\/{rel}","templated":true}]}}