{"id":264,"date":"2024-08-16T12:14:48","date_gmt":"2024-08-16T10:14:48","guid":{"rendered":"https:\/\/grenfestival.com\/?page_id=264"},"modified":"2024-09-11T15:02:05","modified_gmt":"2024-09-11T13:02:05","slug":"adrien-louise-petit-magie-hypnose","status":"publish","type":"page","link":"https:\/\/grenfestival.com\/index.php\/adrien-louise-petit-magie-hypnose\/","title":{"rendered":"Louise Petit (Stand Up &amp; Hypnose)\u00a0"},"content":{"rendered":"\n<p><strong>Les organisateurs du Gren Fest ont lanc\u00e9 un d\u00e9fi \u00e0 Louise : vous faire rire et vous endormir ! En r\u00e9sum\u00e9 : soit vous allez somnoler sur votre chaise parce que ce spectacle est bien trop long et ses vannes sont tr\u00e8s mauvaises, soit parce que vous serez sous hypnose ! Entre son m\u00e9tier d&rsquo;animatrice radio la semaine, et de DJ, humoriste et hypnotiseuse le week-end, mais aussi sa vie de jeune maman, Louise va se confier \u00e0 vous, se l\u00e2cher, un peu trop m\u00eame&#8230;et vous aussi !&nbsp;<\/strong><\/p>\n\n\n\n<figure class=\"wp-block-image size-large\"><img loading=\"lazy\" decoding=\"async\" width=\"683\" height=\"1024\" src=\"http:\/\/grenfestival.com\/wp-content\/uploads\/2024\/09\/DSC00010x-683x1024.jpg\" alt=\"\" class=\"wp-image-344\" srcset=\"https:\/\/grenfestival.com\/wp-content\/uploads\/2024\/09\/DSC00010x-683x1024.jpg 683w, https:\/\/grenfestival.com\/wp-content\/uploads\/2024\/09\/DSC00010x-200x300.jpg 200w, https:\/\/grenfestival.com\/wp-content\/uploads\/2024\/09\/DSC00010x-768x1152.jpg 768w, https:\/\/grenfestival.com\/wp-content\/uploads\/2024\/09\/DSC00010x-1024x1536.jpg 1024w, https:\/\/grenfestival.com\/wp-content\/uploads\/2024\/09\/DSC00010x-1365x2048.jpg 1365w, https:\/\/grenfestival.com\/wp-content\/uploads\/2024\/09\/DSC00010x-scaled.jpg 1707w\" sizes=\"auto, (max-width: 683px) 100vw, 683px\" \/><\/figure>\n\n\n\n<h3 class=\"wp-block-heading\">Louise ouvrira le GrEn Fest #15 et r\u00e9alisera se performance le vendredi 18 octobre 2024 \u00e0 partir de 20h.<\/h3>\n\n\n\n<div class=\"wp-block-buttons is-layout-flex wp-block-buttons-is-layout-flex\">\n<div class=\"wp-block-button\"><a class=\"wp-block-button__link wp-element-button\">R\u00e9servez vos places<\/a><\/div>\n<\/div>\n\n\n\n<p>Louise : Hypnotiseuse<\/p>\n\n\n\n<figure class=\"wp-block-video\"><video height=\"1080\" style=\"aspect-ratio: 1080 \/ 1080;\" width=\"1080\" controls src=\"https:\/\/grenfestival.com\/wp-content\/uploads\/2024\/09\/teaser-hypnose.mp4\"><\/video><\/figure>\n\n\n\n<p><\/p>\n\n\n\n<p>Sketch 1 : L&rsquo;open space<\/p>\n\n\n\n<figure class=\"wp-block-video\"><video height=\"1024\" style=\"aspect-ratio: 576 \/ 1024;\" width=\"576\" controls src=\"https:\/\/grenfestival.com\/wp-content\/uploads\/2024\/09\/1d2ae27ff369f7278707f3a88fc180b5.mp4\"><\/video><\/figure>\n\n\n\n<p><\/p>\n\n\n\n<p>Sketch 2 : L&rsquo;amour est dans le pr\u00e9<\/p>\n\n\n\n<figure class=\"wp-block-video\"><video height=\"1028\" style=\"aspect-ratio: 576 \/ 1028;\" width=\"576\" controls src=\"https:\/\/grenfestival.com\/wp-content\/uploads\/2024\/09\/fc650cb12a1cf5e0b85bd4696acabc47.mp4\"><\/video><\/figure>\n\n\n\n<p><\/p>\n\n\n\n<p>Sketch 3 : Nathalie<\/p>\n\n\n\n<figure class=\"wp-block-video\"><video height=\"1280\" style=\"aspect-ratio: 720 \/ 1280;\" width=\"720\" controls src=\"https:\/\/grenfestival.com\/wp-content\/uploads\/2024\/09\/VID-20240902-WA00121.mp4\"><\/video><\/figure>\n","protected":false},"excerpt":{"rendered":"<p>Les organisateurs du Gren Fest ont lanc\u00e9 un d\u00e9fi \u00e0 Louise : vous faire rire et vous endormir ! En r\u00e9sum\u00e9 : soit vous allez somnoler sur votre chaise parce que ce spectacle est bien trop long et ses vannes sont tr\u00e8s mauvaises, soit parce que vous serez sous hypnose ! Entre son m\u00e9tier d&rsquo;animatrice &hellip; <\/p>\n<p class=\"link-more\"><a href=\"https:\/\/grenfestival.com\/index.php\/adrien-louise-petit-magie-hypnose\/\" class=\"more-link\">Continuer la lecture<span class=\"screen-reader-text\"> de &laquo;&nbsp;Louise Petit (Stand Up &amp; Hypnose)\u00a0&nbsp;&raquo;<\/span><\/a><\/p>\n","protected":false},"author":1,"featured_media":345,"parent":0,"menu_order":0,"comment_status":"closed","ping_status":"closed","template":"","meta":{"footnotes":""},"class_list":["post-264","page","type-page","status-publish","has-post-thumbnail","hentry"],"_links":{"self":[{"href":"https:\/\/grenfestival.com\/index.php\/wp-json\/wp\/v2\/pages\/264","targetHints":{"allow":["GET"]}}],"collection":[{"href":"https:\/\/grenfestival.com\/index.php\/wp-json\/wp\/v2\/pages"}],"about":[{"href":"https:\/\/grenfestival.com\/index.php\/wp-json\/wp\/v2\/types\/page"}],"author":[{"embeddable":true,"href":"https:\/\/grenfestival.com\/index.php\/wp-json\/wp\/v2\/users\/1"}],"replies":[{"embeddable":true,"href":"https:\/\/grenfestival.com\/index.php\/wp-json\/wp\/v2\/comments?post=264"}],"version-history":[{"count":8,"href":"https:\/\/grenfestival.com\/index.php\/wp-json\/wp\/v2\/pages\/264\/revisions"}],"predecessor-version":[{"id":367,"href":"https:\/\/grenfestival.com\/index.php\/wp-json\/wp\/v2\/pages\/264\/revisions\/367"}],"wp:featuredmedia":[{"embeddable":true,"href":"https:\/\/grenfestival.com\/index.php\/wp-json\/wp\/v2\/media\/345"}],"wp:attachment":[{"href":"https:\/\/grenfestival.com\/index.php\/wp-json\/wp\/v2\/media?parent=264"}],"curies":[{"name":"wp","href":"https:\/\/api.w.org\/{rel}","templated":true}]}}