{"id":144,"date":"2024-07-22T12:31:55","date_gmt":"2024-07-22T10:31:55","guid":{"rendered":"https:\/\/grenfestival.com\/?page_id=144"},"modified":"2024-10-07T11:28:39","modified_gmt":"2024-10-07T09:28:39","slug":"souvenirs","status":"publish","type":"page","link":"https:\/\/grenfestival.com\/index.php\/souvenirs\/","title":{"rendered":"Souvenirs"},"content":{"rendered":"\n<ul class=\"wp-block-list\">\n<li><a href=\"https:\/\/grenfestival.com\/index.php\/presse\/\" data-type=\"page\" data-id=\"191\">Presse<\/a><\/li>\n\n\n\n<li><a href=\"https:\/\/grenfestival.com\/index.php\/photos\/\" data-type=\"page\" data-id=\"159\">Photos<\/a><\/li>\n\n\n\n<li><a href=\"https:\/\/grenfestival.com\/index.php\/videos-et-photos\/\" data-type=\"page\" data-id=\"100\">Vid\u00e9os<\/a><\/li>\n\n\n\n<li><a href=\"https:\/\/grenfestival.com\/index.php\/2024\/07\/22\/affiches\/\">Affiches des ann\u00e9es pr\u00e9c\u00e9dentes<\/a><\/li>\n<\/ul>\n\n\n\n<figure class=\"wp-block-gallery has-nested-images columns-default is-cropped wp-block-gallery-1 is-layout-flex wp-block-gallery-is-layout-flex\">\n<figure class=\"wp-block-image size-large\"><img loading=\"lazy\" decoding=\"async\" width=\"640\" height=\"960\" data-id=\"495\" src=\"https:\/\/grenfestival.com\/wp-content\/uploads\/2024\/10\/12139946_896950187038512_4492867164319818928_o.jpg\" alt=\"\" class=\"wp-image-495\" srcset=\"https:\/\/grenfestival.com\/wp-content\/uploads\/2024\/10\/12139946_896950187038512_4492867164319818928_o.jpg 640w, https:\/\/grenfestival.com\/wp-content\/uploads\/2024\/10\/12139946_896950187038512_4492867164319818928_o-200x300.jpg 200w\" sizes=\"auto, (max-width: 640px) 100vw, 640px\" \/><\/figure>\n\n\n\n<figure class=\"wp-block-image size-large\"><img loading=\"lazy\" decoding=\"async\" width=\"1024\" height=\"683\" data-id=\"518\" src=\"https:\/\/grenfestival.com\/wp-content\/uploads\/2024\/10\/Laura-Laune-et-Doc-a-Izel-1024x683.jpg\" alt=\"\" class=\"wp-image-518\" srcset=\"https:\/\/grenfestival.com\/wp-content\/uploads\/2024\/10\/Laura-Laune-et-Doc-a-Izel-1024x683.jpg 1024w, https:\/\/grenfestival.com\/wp-content\/uploads\/2024\/10\/Laura-Laune-et-Doc-a-Izel-300x200.jpg 300w, https:\/\/grenfestival.com\/wp-content\/uploads\/2024\/10\/Laura-Laune-et-Doc-a-Izel-768x512.jpg 768w, https:\/\/grenfestival.com\/wp-content\/uploads\/2024\/10\/Laura-Laune-et-Doc-a-Izel.jpg 1278w\" sizes=\"auto, (max-width: 767px) 89vw, (max-width: 1000px) 54vw, (max-width: 1071px) 543px, 580px\" \/><\/figure>\n\n\n\n<figure class=\"wp-block-image size-large\"><img loading=\"lazy\" decoding=\"async\" width=\"960\" height=\"539\" data-id=\"449\" src=\"https:\/\/grenfestival.com\/wp-content\/uploads\/2024\/10\/10702182_728353770564822_4306878572362280180_n.jpg\" alt=\"\" class=\"wp-image-449\" srcset=\"https:\/\/grenfestival.com\/wp-content\/uploads\/2024\/10\/10702182_728353770564822_4306878572362280180_n.jpg 960w, https:\/\/grenfestival.com\/wp-content\/uploads\/2024\/10\/10702182_728353770564822_4306878572362280180_n-300x168.jpg 300w, https:\/\/grenfestival.com\/wp-content\/uploads\/2024\/10\/10702182_728353770564822_4306878572362280180_n-768x431.jpg 768w\" sizes=\"auto, (max-width: 767px) 89vw, (max-width: 1000px) 54vw, (max-width: 1071px) 543px, 580px\" \/><\/figure>\n\n\n\n<figure class=\"wp-block-image size-large\"><img loading=\"lazy\" decoding=\"async\" width=\"960\" height=\"724\" data-id=\"454\" src=\"https:\/\/grenfestival.com\/wp-content\/uploads\/2024\/10\/14925750_1136009726465889_2671568102676439767_n.jpg\" alt=\"\" class=\"wp-image-454\" srcset=\"https:\/\/grenfestival.com\/wp-content\/uploads\/2024\/10\/14925750_1136009726465889_2671568102676439767_n.jpg 960w, https:\/\/grenfestival.com\/wp-content\/uploads\/2024\/10\/14925750_1136009726465889_2671568102676439767_n-300x226.jpg 300w, https:\/\/grenfestival.com\/wp-content\/uploads\/2024\/10\/14925750_1136009726465889_2671568102676439767_n-768x579.jpg 768w\" sizes=\"auto, (max-width: 767px) 89vw, (max-width: 1000px) 54vw, (max-width: 1071px) 543px, 580px\" \/><\/figure>\n\n\n\n<figure class=\"wp-block-image size-large\"><img loading=\"lazy\" decoding=\"async\" width=\"539\" height=\"960\" data-id=\"458\" src=\"https:\/\/grenfestival.com\/wp-content\/uploads\/2024\/10\/281928_728647010535498_3720980329050917804_n.jpg\" alt=\"\" class=\"wp-image-458\" srcset=\"https:\/\/grenfestival.com\/wp-content\/uploads\/2024\/10\/281928_728647010535498_3720980329050917804_n.jpg 539w, https:\/\/grenfestival.com\/wp-content\/uploads\/2024\/10\/281928_728647010535498_3720980329050917804_n-168x300.jpg 168w\" sizes=\"auto, (max-width: 539px) 100vw, 539px\" \/><\/figure>\n\n\n\n<figure class=\"wp-block-image size-large\"><img loading=\"lazy\" decoding=\"async\" width=\"504\" height=\"398\" data-id=\"483\" src=\"https:\/\/grenfestival.com\/wp-content\/uploads\/2024\/10\/10383665_658417747558425_6281695383935657769_n.jpg\" alt=\"\" class=\"wp-image-483\" srcset=\"https:\/\/grenfestival.com\/wp-content\/uploads\/2024\/10\/10383665_658417747558425_6281695383935657769_n.jpg 504w, https:\/\/grenfestival.com\/wp-content\/uploads\/2024\/10\/10383665_658417747558425_6281695383935657769_n-300x237.jpg 300w\" sizes=\"auto, (max-width: 504px) 100vw, 504px\" \/><\/figure>\n\n\n\n<figure class=\"wp-block-image size-large\"><img loading=\"lazy\" decoding=\"async\" width=\"960\" height=\"539\" data-id=\"443\" src=\"https:\/\/grenfestival.com\/wp-content\/uploads\/2024\/10\/10177926_728425310557668_7075137611805473078_n.jpg\" alt=\"\" class=\"wp-image-443\" srcset=\"https:\/\/grenfestival.com\/wp-content\/uploads\/2024\/10\/10177926_728425310557668_7075137611805473078_n.jpg 960w, https:\/\/grenfestival.com\/wp-content\/uploads\/2024\/10\/10177926_728425310557668_7075137611805473078_n-300x168.jpg 300w, https:\/\/grenfestival.com\/wp-content\/uploads\/2024\/10\/10177926_728425310557668_7075137611805473078_n-768x431.jpg 768w\" sizes=\"auto, (max-width: 767px) 89vw, (max-width: 1000px) 54vw, (max-width: 1071px) 543px, 580px\" \/><\/figure>\n\n\n\n<figure class=\"wp-block-image size-large\"><img loading=\"lazy\" decoding=\"async\" width=\"1024\" height=\"614\" data-id=\"46\" src=\"https:\/\/grenfestival.com\/wp-content\/uploads\/2024\/07\/cropped-Dirty-South-Crew_GrenFest-62-29-scaled-1-1024x614.jpg\" alt=\"\" class=\"wp-image-46\" srcset=\"https:\/\/grenfestival.com\/wp-content\/uploads\/2024\/07\/cropped-Dirty-South-Crew_GrenFest-62-29-scaled-1-1024x614.jpg 1024w, https:\/\/grenfestival.com\/wp-content\/uploads\/2024\/07\/cropped-Dirty-South-Crew_GrenFest-62-29-scaled-1-300x180.jpg 300w, https:\/\/grenfestival.com\/wp-content\/uploads\/2024\/07\/cropped-Dirty-South-Crew_GrenFest-62-29-scaled-1-768x460.jpg 768w, https:\/\/grenfestival.com\/wp-content\/uploads\/2024\/07\/cropped-Dirty-South-Crew_GrenFest-62-29-scaled-1-1536x921.jpg 1536w, https:\/\/grenfestival.com\/wp-content\/uploads\/2024\/07\/cropped-Dirty-South-Crew_GrenFest-62-29-scaled-1.jpg 2000w\" sizes=\"auto, (max-width: 767px) 89vw, (max-width: 1000px) 54vw, (max-width: 1071px) 543px, 580px\" \/><\/figure>\n\n\n\n<figure class=\"wp-block-image size-large\"><img loading=\"lazy\" decoding=\"async\" width=\"1024\" height=\"683\" data-id=\"44\" src=\"https:\/\/grenfestival.com\/wp-content\/uploads\/2024\/07\/GrenFest-10-Mon-C\u00a6t\u00ae-Punk-19-1024x683.jpg\" alt=\"\" class=\"wp-image-44\" srcset=\"https:\/\/grenfestival.com\/wp-content\/uploads\/2024\/07\/GrenFest-10-Mon-C\u00a6t\u00ae-Punk-19-1024x683.jpg 1024w, https:\/\/grenfestival.com\/wp-content\/uploads\/2024\/07\/GrenFest-10-Mon-C\u00a6t\u00ae-Punk-19-300x200.jpg 300w, https:\/\/grenfestival.com\/wp-content\/uploads\/2024\/07\/GrenFest-10-Mon-C\u00a6t\u00ae-Punk-19-768x512.jpg 768w, https:\/\/grenfestival.com\/wp-content\/uploads\/2024\/07\/GrenFest-10-Mon-C\u00a6t\u00ae-Punk-19-1536x1024.jpg 1536w, https:\/\/grenfestival.com\/wp-content\/uploads\/2024\/07\/GrenFest-10-Mon-C\u00a6t\u00ae-Punk-19-2048x1365.jpg 2048w\" sizes=\"auto, (max-width: 767px) 89vw, (max-width: 1000px) 54vw, (max-width: 1071px) 543px, 580px\" \/><\/figure>\n\n\n\n<figure class=\"wp-block-image size-large\"><img loading=\"lazy\" decoding=\"async\" width=\"1024\" height=\"683\" data-id=\"39\" src=\"https:\/\/grenfestival.com\/wp-content\/uploads\/2024\/07\/Dirty-South-Crew_GrenFest-62-8-1024x683.jpg\" alt=\"\" class=\"wp-image-39\" srcset=\"https:\/\/grenfestival.com\/wp-content\/uploads\/2024\/07\/Dirty-South-Crew_GrenFest-62-8-1024x683.jpg 1024w, https:\/\/grenfestival.com\/wp-content\/uploads\/2024\/07\/Dirty-South-Crew_GrenFest-62-8-300x200.jpg 300w, https:\/\/grenfestival.com\/wp-content\/uploads\/2024\/07\/Dirty-South-Crew_GrenFest-62-8-768x512.jpg 768w, https:\/\/grenfestival.com\/wp-content\/uploads\/2024\/07\/Dirty-South-Crew_GrenFest-62-8-1536x1024.jpg 1536w, https:\/\/grenfestival.com\/wp-content\/uploads\/2024\/07\/Dirty-South-Crew_GrenFest-62-8-2048x1365.jpg 2048w\" sizes=\"auto, (max-width: 767px) 89vw, (max-width: 1000px) 54vw, (max-width: 1071px) 543px, 580px\" \/><\/figure>\n\n\n\n<figure class=\"wp-block-image size-large\"><img loading=\"lazy\" decoding=\"async\" width=\"1024\" height=\"683\" data-id=\"72\" src=\"https:\/\/grenfestival.com\/wp-content\/uploads\/2024\/07\/laura-laune-1024x683.jpg\" alt=\"\" class=\"wp-image-72\" srcset=\"https:\/\/grenfestival.com\/wp-content\/uploads\/2024\/07\/laura-laune-1024x683.jpg 1024w, https:\/\/grenfestival.com\/wp-content\/uploads\/2024\/07\/laura-laune-300x200.jpg 300w, https:\/\/grenfestival.com\/wp-content\/uploads\/2024\/07\/laura-laune-768x512.jpg 768w, https:\/\/grenfestival.com\/wp-content\/uploads\/2024\/07\/laura-laune.jpg 1278w\" sizes=\"auto, (max-width: 767px) 89vw, (max-width: 1000px) 54vw, (max-width: 1071px) 543px, 580px\" \/><\/figure>\n\n\n\n<figure class=\"wp-block-image size-large\"><img loading=\"lazy\" decoding=\"async\" width=\"683\" height=\"1024\" data-id=\"24\" src=\"https:\/\/grenfestival.com\/wp-content\/uploads\/2024\/07\/IMG_1261-683x1024.jpg\" alt=\"\" class=\"wp-image-24\" srcset=\"https:\/\/grenfestival.com\/wp-content\/uploads\/2024\/07\/IMG_1261-683x1024.jpg 683w, https:\/\/grenfestival.com\/wp-content\/uploads\/2024\/07\/IMG_1261-200x300.jpg 200w, https:\/\/grenfestival.com\/wp-content\/uploads\/2024\/07\/IMG_1261-768x1152.jpg 768w, https:\/\/grenfestival.com\/wp-content\/uploads\/2024\/07\/IMG_1261-1024x1536.jpg 1024w, https:\/\/grenfestival.com\/wp-content\/uploads\/2024\/07\/IMG_1261-1365x2048.jpg 1365w, https:\/\/grenfestival.com\/wp-content\/uploads\/2024\/07\/IMG_1261-scaled.jpg 1707w\" sizes=\"auto, (max-width: 683px) 100vw, 683px\" \/><\/figure>\n<\/figure>\n","protected":false},"excerpt":{"rendered":"","protected":false},"author":1,"featured_media":0,"parent":0,"menu_order":0,"comment_status":"closed","ping_status":"closed","template":"","meta":{"footnotes":""},"class_list":["post-144","page","type-page","status-publish","hentry"],"_links":{"self":[{"href":"https:\/\/grenfestival.com\/index.php\/wp-json\/wp\/v2\/pages\/144","targetHints":{"allow":["GET"]}}],"collection":[{"href":"https:\/\/grenfestival.com\/index.php\/wp-json\/wp\/v2\/pages"}],"about":[{"href":"https:\/\/grenfestival.com\/index.php\/wp-json\/wp\/v2\/types\/page"}],"author":[{"embeddable":true,"href":"https:\/\/grenfestival.com\/index.php\/wp-json\/wp\/v2\/users\/1"}],"replies":[{"embeddable":true,"href":"https:\/\/grenfestival.com\/index.php\/wp-json\/wp\/v2\/comments?post=144"}],"version-history":[{"count":6,"href":"https:\/\/grenfestival.com\/index.php\/wp-json\/wp\/v2\/pages\/144\/revisions"}],"predecessor-version":[{"id":531,"href":"https:\/\/grenfestival.com\/index.php\/wp-json\/wp\/v2\/pages\/144\/revisions\/531"}],"wp:attachment":[{"href":"https:\/\/grenfestival.com\/index.php\/wp-json\/wp\/v2\/media?parent=144"}],"curies":[{"name":"wp","href":"https:\/\/api.w.org\/{rel}","templated":true}]}}